{"id":610,"date":"2020-01-31T06:55:19","date_gmt":"2020-01-31T06:55:19","guid":{"rendered":"https:\/\/www.demoapus-wp1.com\/findus\/?page_id=610"},"modified":"2025-08-03T21:23:35","modified_gmt":"2025-08-03T19:23:35","slug":"listing-half-map","status":"publish","type":"page","link":"http:\/\/punktybruk.drewbet.pl\/","title":{"rendered":"DREWBET"},"content":{"rendered":"\n<div class=\"job_listings\" data-location=\"\" data-keywords=\"\" data-show_filters=\"true\" data-show_pagination=\"false\" data-per_page=\"250\" data-orderby=\"featured\" data-order=\"DESC\" data-categories=\"\" data-disable-form-state-storage=\"\" data-featured_first=\"false\" data-post_id=\"610\" ><div class=\"apus-half-map-layout apus-half-map-layout-v1 apus-listing-warpper\">\n\t<div class=\"row no-margin wrapper-half-map\">\n\t\t<div class=\"col-lg-7 col-md-8 col-xs-12 no-padding list-content-wrapper\">\n\t\t\t<div class=\"list-content clearfix\">\n\t\t\t\t<div class=\"wrapper-filters1 filter-v1 clearfix\">\n\t\t\t\t\t\t\t<div class=\"mobile-groups-button hidden-lg hidden-md clearfix text-center\">\n\t\t\t\t<button class=\" btn btn-sm btn-theme btn-view-map\" type=\"button\"><i class=\"far fa-map\"><\/i> Poka\u017c Map\u0119<\/button>\n\t\t\t\t<button class=\" btn btn-sm btn-theme  btn-view-listing hidden-sm hidden-xs\" type=\"button\"><i class=\"fas fa-list\"><\/i> Widok listy<\/button>\n\t\t\t\t<\/div>\n\t\t\t\t\t<span class=\"show-filter show-filter1 hidden-lg btn btn-xs btn-theme\">\n\t\t\t<i class=\"fas fa-sliders-h\"><\/i>\n\t\t<\/span>\n\t\t<form class=\"job_filters job_filters-location\">\n\t\t\t\t\t\t<input type=\"hidden\" name=\"filter_display_mode\" value=\"grid\">\n\t\t\t<input type=\"hidden\" name=\"filter_listing_columns\" value=\"2\">\n\t\t\t<input id=\"input_filter_order\" type=\"hidden\" name=\"filter_order\" value=\"default\">\n\t\t\t<div class=\"filter-inner search_jobs\">\n\t\t\t\t\t\t\t\t<div class=\"fields-filter list-inner-full\">\n\t\t\t\t\t\t\t\t\t\t<div class=\"wrapper-top-filter clearfix\">\n\t\t\t\t\t\t<div class=\"search_keywords\">\n\t<input class=\"form-control style2\" type=\"text\" name=\"search_keywords\" placeholder=\"S\u0142owa kluczowe...\" value=\"\" \/>\n<\/div><div class=\"select-types\">\n\t\n\t\t\t\n\t\t<select name='job_type_select[]' id='job_type_select' class='job-manager-category-dropdown '  data-placeholder='Filtruj wed\u0142ug typu' data-no_results_text='Brak wynik\u00f3w spe\u0142niaj\u0105cych kryteria' data-multiple_text='Wybierz niekt\u00f3re opcje'>\n<option value=\"\">Filtruj wed\u0142ug typu<\/option>\t<option class=\"level-0\" value=\"78\">DREWBET - Dystrybutor, Punkt Sprzeda\u017cy<\/option>\n\t<option class=\"level-0\" value=\"77\">DREWBET - Premium Partner<\/option>\n<\/select>\n\n<\/div>\t\n\t\t\t\t    <div class=\"field-region field-region1\">\n\t\t\t    <select class=\"select-field-region select-field-region1\" data-next=\"2\" autocomplete=\"off\" name=\"job_region_select[]\" data-placeholder=\"Filtruj wed\u0142ug wojew\u00f3dztwa \">\n\t\t\t    \t<option value=\"\">Filtruj wed\u0142ug wojew\u00f3dztwa <\/option>\n\t\t\t\t    \t\t\t\t\t      \t<option value=\"dolnoslaskie\" >Dolno\u015bl\u0105skie<\/option>\n\t\t\t\t\t      \t\t\t\t\t\t      \t<option value=\"kujawsko-pomorskie\" >Kujawsko-Pomorskie<\/option>\n\t\t\t\t\t      \t\t\t\t\t\t      \t<option value=\"lodzkie\" >\u0141\u00f3dzkie<\/option>\n\t\t\t\t\t      \t\t\t\t\t\t      \t<option value=\"lubelskie\" >Lubelskie<\/option>\n\t\t\t\t\t      \t\t\t\t\t\t      \t<option value=\"lubuskie\" >Lubuskie<\/option>\n\t\t\t\t\t      \t\t\t\t\t\t      \t<option value=\"malopolskie\" >Ma\u0142opolskie<\/option>\n\t\t\t\t\t      \t\t\t\t\t\t      \t<option value=\"mazowieckie\" >Mazowieckie<\/option>\n\t\t\t\t\t      \t\t\t\t\t\t      \t<option value=\"opolskie\" >Opolskie<\/option>\n\t\t\t\t\t      \t\t\t\t\t\t      \t<option value=\"podkarpackie\" >Podkarpackie<\/option>\n\t\t\t\t\t      \t\t\t\t\t\t      \t<option value=\"podlaskie\" >Podlaskie<\/option>\n\t\t\t\t\t      \t\t\t\t\t\t      \t<option value=\"pomorskie\" >Pomorskie<\/option>\n\t\t\t\t\t      \t\t\t\t\t\t      \t<option value=\"slaskie\" >\u015al\u0105skie<\/option>\n\t\t\t\t\t      \t\t\t\t\t\t      \t<option value=\"swietokrzyskie\" >\u015awi\u0119tokrzyskie<\/option>\n\t\t\t\t\t      \t\t\t\t\t\t      \t<option value=\"warminsko-mazurskie\" >Warmi\u0144sko-Mazurskie<\/option>\n\t\t\t\t\t      \t\t\t\t\t\t      \t<option value=\"wielkopolskie\" >Wielkopolskie<\/option>\n\t\t\t\t\t      \t\t\t\t\t\t      \t<option value=\"zachodniopomorskie\" >Zachodniopomorskie<\/option>\n\t\t\t\t\t      \t\t\t\t    <\/select>\n\t\t    <\/div>\n\t\t\t\t\t\t\t\t\t    <div class=\"field-region field-region2\">\n\t\t    \t<select class=\"select-field-region select-field-region2\" data-next=\"3\" autocomplete=\"off\" name=\"job_region_select[]\" data-placeholder=\"Filtruj wed\u0142ug wojew\u00f3dztwa \">\n\t\t    \t\t<option value=\"\">Filtruj wed\u0142ug wojew\u00f3dztwa <\/option>\n\t\t    \t\t\t\t    \t<\/select>\n\t\t    <\/div>\n\t\t    \t\t\t\t\t\t\t\n<div class=\"search_location\">\n\t\t<input type=\"text\" class=\"form-control style2\" name=\"search_location\" id=\"search_location_distance\" placeholder=\"Miejscowo\u015b\u0107 lub kod pocztowy\" value=\"\" autocomplete=\"off\" \/>\n\t<span class=\"clear-location\"><i class=\"ti-close\"><\/i><\/span>\n\t\t\t<span class=\"loading-me\"><\/span>\n\t\t<span class=\"find-me\"><svg xmlns=\"http:\/\/www.w3.org\/2000\/svg\" xmlns:xlink=\"http:\/\/www.w3.org\/1999\/xlink\" width=\"15px\" height=\"15px\" viewBox=\"0 0 15 15\" version=\"1.1\"> <g stroke=\"none\" stroke-width=\"1\" fill=\"none\" fill-rule=\"evenodd\"> <g transform=\"translate(-964.000000, -626.000000)\" fill-rule=\"nonzero\" fill=\"#9B9B9B\"> <g transform=\"translate(731.000000, 611.000000)\"> <g transform=\"translate(233.000000, 15.000000)\"> <g> <path d=\"M7.48790875,4.76543726 C5.98346008,4.76543726 4.76543726,5.98346008 4.76543726,7.48790875 C4.76543726,8.99235741 5.98346008,10.2103802 7.48790875,10.2103802 C8.99235741,10.2103802 10.2103802,8.99235741 10.2103802,7.48790875 C10.2103802,5.98346008 8.99235741,4.76543726 7.48790875,4.76543726 Z M13.5730894,6.80652091 C13.2604848,3.96798479 11.0072338,1.71473384 8.16869772,1.40272814 L8.16869772,0 L6.80714829,0 L6.80714829,1.40272814 C3.96858365,1.71473384 1.71536122,3.96798479 1.40210076,6.80652091 L0,6.80652091 L0,8.1693251 L1.40272814,8.1693251 C1.71596008,11.0078612 3.96921103,13.2611122 6.80774715,13.5731179 L6.80774715,14.975846 L8.16929658,14.975846 L8.16929658,13.5731179 C11.0078327,13.2611122 13.2610837,11.0078897 13.5736882,8.1693251 L14.975789,8.1693251 L14.975789,6.80652091 C14.975846,6.80652091 13.5730894,6.80652091 13.5730894,6.80652091 Z M7.48790875,12.253346 C4.85341255,12.253346 2.72247148,10.1224049 2.72247148,7.48790875 C2.72247148,4.85341255 4.85341255,2.72247148 7.48790875,2.72247148 C10.1224049,2.72247148 12.253346,4.85341255 12.253346,7.48790875 C12.253346,10.1224049 10.1224049,12.253346 7.48790875,12.253346 Z\"\/> <\/g> <\/g> <\/g> <\/g> <\/g> <\/svg><\/span>\n\t\t<input type=\"hidden\" name=\"search_lat\" value=\"\" \/>\n\t\t<input type=\"hidden\" name=\"search_lng\" value=\"\" \/>\n\t<\/div><div class=\"search_distance_wrapper clearfix\">\n\t<div class=\"search-distance-label\">\n\t\t<label for=\"use_search_distance\">\n\t\t\t<input name=\"use_search_distance\" checked=\"checked\" type=\"checkbox\">\n\t\t\tPromie\u0144: <span class=\"text-distance\">50 <\/span>km\t\t<\/label>\n\t<\/div>\n\t<div class=\"search-distance-wrapper\">\n\t\t<input type=\"hidden\" name=\"search_distance\" value=\"50\" \/>\n\t\t<div class=\"search-distance-slider\"><div class=\"ui-slider-handle distance-custom-handle\"><\/div><\/div>\n\t<\/div>\n<\/div>\t\t\t\t\t<\/div>\n\t\t\t\t\t\t\t\t\t\t\n\t\t\t\t\t<div class=\"submit-filter\">\n\t\t\t\t\t\t<button class=\"btn btn-theme btn-filter\" type=\"button\">Filtruj<\/button>\n\t\t\t\t\t<\/div>\n\n\t\t\t\t\t<div class=\"listing-search-result-filter\"><\/div>\n\t\t\t\t\t\n\t\t\t\t\t\t\t\t\t<\/div>\n\n\t\t\t\t<div class=\"showing_jobs\"><\/div>\n\t\t\t\t\t\t\t<\/div>\n\t\t<\/form>\n\t<\/div>\n\t\n\t\n<div class=\" main-results\">\n\t<div class=\"main-content-listings\">\n\t\t\n\t\t<div class=\"listing-action clearfix\">\n\t\t\t<div class=\"row flex-middle\">\n\t\t\t\t<div class=\"col-xs-6 col-md-8\">\n\t\t\t\t\t<div class=\"listing-search-result\"><div class=\"results\">0 Wynik\u00f3w Znaleziono<\/div><\/div>\n\t\t\t\t<\/div>\n\n\t\t\t\t\t\t\t\t<div class=\"col-xs-6 col-md-4 text-right\">\n\t\t\t\t\t\t\t\t\t\t<div class=\"listing-orderby\">\n\t\t\t\t\t\t<select name=\"filter_order\" autocomplete=\"off\" placeholder=\"Sortuj wed\u0142ug\">\n\t\t\t\t\t\t\t\t\t\t\t\t\t\t\t<option value=\"default\" selected=\"selected\">Domy\u015blny Zam\u00f3wienie<\/option>\n\t\t\t\t\t\t\t\t\t\t\t\t\t\t\t<option value=\"date-desc\" >Najnowsze najpierw<\/option>\n\t\t\t\t\t\t\t\t\t\t\t\t\t\t\t<option value=\"date-asc\" >Najstarsze najpierw<\/option>\n\t\t\t\t\t\t\t\t\t\t\t\t\t\t\t<option value=\"rating-desc\" >Najwy\u017csza ocena<\/option>\n\t\t\t\t\t\t\t\t\t\t\t\t\t\t\t<option value=\"rating-asc\" >Najni\u017csza ocena<\/option>\n\t\t\t\t\t\t\t\t\t\t\t\t\t\t\t<option value=\"random\" >Loszcz\u0119\u015bliwy<\/option>\n\t\t\t\t\t\t\t\t\t\t\t\t\t<\/select>\n\t\t\t\t\t<\/div>\n\t\t\t\t<\/div>\n\t\t\t<\/div>\n\t\t<\/div>\n\t\t<div class=\"job_listings job_listings_cards clearfix row loading\">\t\t\n\t\t<\/div>\n\t\t\t\t\t<a class=\"load_more_jobs\" href=\"#\"><strong>Za\u0142aduj wi\u0119cej punkt\u00f3w<\/strong><\/a>\n\t\t\t<\/div>\n<\/div><a class=\"load_more_jobs\" href=\"#\" style=\"display:none;\"><strong>Za\u0142aduj wi\u0119cej ofert<\/strong><\/a>\t\t\t<\/div>\n\t\t<\/div>\n\t\t<div class=\"col-lg-5 col-md-4 col-xs-12 no-padding half-map\">\n\t\t\t<div id=\"apus-listing-map\" class=\"apus-listing-map fix-map hidden-sm hidden-xs\"><\/div>\n\t\t<\/div>\n\t<\/div>\n<\/div><\/div>\n\n\n\n<p><\/p>\n","protected":false},"excerpt":{"rendered":"","protected":false},"author":1,"featured_media":0,"parent":0,"menu_order":0,"comment_status":"closed","ping_status":"closed","template":"page-listing.php","meta":{"footnotes":""},"class_list":["post-610","page","type-page","status-publish","hentry"],"yoast_head":"<!-- This site is optimized with the Yoast SEO plugin v25.6 - https:\/\/yoast.com\/wordpress\/plugins\/seo\/ -->\n<title>DREWBET - Kostka Brukowa - Punkty Handlowe<\/title>\n<meta name=\"robots\" content=\"index, follow, max-snippet:-1, max-image-preview:large, max-video-preview:-1\" \/>\n<link rel=\"canonical\" href=\"https:\/\/punktybruk.drewbet.pl\/\" \/>\n<meta property=\"og:locale\" content=\"pl_PL\" \/>\n<meta property=\"og:type\" content=\"article\" \/>\n<meta property=\"og:title\" content=\"DREWBET - Kostka Brukowa - Punkty Handlowe\" \/>\n<meta property=\"og:url\" content=\"https:\/\/punktybruk.drewbet.pl\/\" \/>\n<meta property=\"og:site_name\" content=\"Kostka Brukowa - Punkty Handlowe\" \/>\n<meta property=\"article:modified_time\" content=\"2025-08-03T19:23:35+00:00\" \/>\n<meta name=\"twitter:card\" content=\"summary_large_image\" \/>\n<meta name=\"twitter:label1\" content=\"Szacowany czas czytania\" \/>\n\t<meta name=\"twitter:data1\" content=\"1 minuta\" \/>\n<script type=\"application\/ld+json\" class=\"yoast-schema-graph\">{\"@context\":\"https:\/\/schema.org\",\"@graph\":[{\"@type\":\"WebPage\",\"@id\":\"https:\/\/punktybruk.drewbet.pl\/\",\"url\":\"https:\/\/punktybruk.drewbet.pl\/\",\"name\":\"DREWBET - Kostka Brukowa - Punkty Handlowe\",\"isPartOf\":{\"@id\":\"https:\/\/punktybruk.drewbet.pl\/#website\"},\"datePublished\":\"2020-01-31T06:55:19+00:00\",\"dateModified\":\"2025-08-03T19:23:35+00:00\",\"breadcrumb\":{\"@id\":\"https:\/\/punktybruk.drewbet.pl\/#breadcrumb\"},\"inLanguage\":\"pl-PL\",\"potentialAction\":[{\"@type\":\"ReadAction\",\"target\":[\"https:\/\/punktybruk.drewbet.pl\/\"]}]},{\"@type\":\"BreadcrumbList\",\"@id\":\"https:\/\/punktybruk.drewbet.pl\/#breadcrumb\",\"itemListElement\":[{\"@type\":\"ListItem\",\"position\":1,\"name\":\"Home\",\"item\":\"https:\/\/punktybruk.drewbet.pl\/\"},{\"@type\":\"ListItem\",\"position\":2,\"name\":\"DREWBET\"}]},{\"@type\":\"WebSite\",\"@id\":\"https:\/\/punktybruk.drewbet.pl\/#website\",\"url\":\"https:\/\/punktybruk.drewbet.pl\/\",\"name\":\"Kostka Brukowa - Punkty Handlowe\",\"description\":\"\",\"potentialAction\":[{\"@type\":\"SearchAction\",\"target\":{\"@type\":\"EntryPoint\",\"urlTemplate\":\"https:\/\/punktybruk.drewbet.pl\/?s={search_term_string}\"},\"query-input\":{\"@type\":\"PropertyValueSpecification\",\"valueRequired\":true,\"valueName\":\"search_term_string\"}}],\"inLanguage\":\"pl-PL\"}]}<\/script>\n<!-- \/ Yoast SEO plugin. -->","yoast_head_json":{"title":"DREWBET - Kostka Brukowa - Punkty Handlowe","robots":{"index":"index","follow":"follow","max-snippet":"max-snippet:-1","max-image-preview":"max-image-preview:large","max-video-preview":"max-video-preview:-1"},"canonical":"https:\/\/punktybruk.drewbet.pl\/","og_locale":"pl_PL","og_type":"article","og_title":"DREWBET - Kostka Brukowa - Punkty Handlowe","og_url":"https:\/\/punktybruk.drewbet.pl\/","og_site_name":"Kostka Brukowa - Punkty Handlowe","article_modified_time":"2025-08-03T19:23:35+00:00","twitter_card":"summary_large_image","twitter_misc":{"Szacowany czas czytania":"1 minuta"},"schema":{"@context":"https:\/\/schema.org","@graph":[{"@type":"WebPage","@id":"https:\/\/punktybruk.drewbet.pl\/","url":"https:\/\/punktybruk.drewbet.pl\/","name":"DREWBET - Kostka Brukowa - Punkty Handlowe","isPartOf":{"@id":"https:\/\/punktybruk.drewbet.pl\/#website"},"datePublished":"2020-01-31T06:55:19+00:00","dateModified":"2025-08-03T19:23:35+00:00","breadcrumb":{"@id":"https:\/\/punktybruk.drewbet.pl\/#breadcrumb"},"inLanguage":"pl-PL","potentialAction":[{"@type":"ReadAction","target":["https:\/\/punktybruk.drewbet.pl\/"]}]},{"@type":"BreadcrumbList","@id":"https:\/\/punktybruk.drewbet.pl\/#breadcrumb","itemListElement":[{"@type":"ListItem","position":1,"name":"Home","item":"https:\/\/punktybruk.drewbet.pl\/"},{"@type":"ListItem","position":2,"name":"DREWBET"}]},{"@type":"WebSite","@id":"https:\/\/punktybruk.drewbet.pl\/#website","url":"https:\/\/punktybruk.drewbet.pl\/","name":"Kostka Brukowa - Punkty Handlowe","description":"","potentialAction":[{"@type":"SearchAction","target":{"@type":"EntryPoint","urlTemplate":"https:\/\/punktybruk.drewbet.pl\/?s={search_term_string}"},"query-input":{"@type":"PropertyValueSpecification","valueRequired":true,"valueName":"search_term_string"}}],"inLanguage":"pl-PL"}]}},"_links":{"self":[{"href":"http:\/\/punktybruk.drewbet.pl\/index.php?rest_route=\/wp\/v2\/pages\/610","targetHints":{"allow":["GET"]}}],"collection":[{"href":"http:\/\/punktybruk.drewbet.pl\/index.php?rest_route=\/wp\/v2\/pages"}],"about":[{"href":"http:\/\/punktybruk.drewbet.pl\/index.php?rest_route=\/wp\/v2\/types\/page"}],"author":[{"embeddable":true,"href":"http:\/\/punktybruk.drewbet.pl\/index.php?rest_route=\/wp\/v2\/users\/1"}],"replies":[{"embeddable":true,"href":"http:\/\/punktybruk.drewbet.pl\/index.php?rest_route=%2Fwp%2Fv2%2Fcomments&post=610"}],"version-history":[{"count":1,"href":"http:\/\/punktybruk.drewbet.pl\/index.php?rest_route=\/wp\/v2\/pages\/610\/revisions"}],"predecessor-version":[{"id":1574,"href":"http:\/\/punktybruk.drewbet.pl\/index.php?rest_route=\/wp\/v2\/pages\/610\/revisions\/1574"}],"wp:attachment":[{"href":"http:\/\/punktybruk.drewbet.pl\/index.php?rest_route=%2Fwp%2Fv2%2Fmedia&parent=610"}],"curies":[{"name":"wp","href":"https:\/\/api.w.org\/{rel}","templated":true}]}}